{"id":8,"date":"2014-03-27T16:34:28","date_gmt":"2014-03-27T14:34:28","guid":{"rendered":"http:\/\/www.rotweisskassel.de\/verein\/?page_id=8"},"modified":"2023-10-22T16:36:03","modified_gmt":"2023-10-22T14:36:03","slug":"sparten","status":"publish","type":"page","link":"https:\/\/www.rotweisskassel.de\/verein\/sparten\/","title":{"rendered":"Unsere Sportarten und Kurse"},"content":{"rendered":"<p>Wir sind Mitglied im <a title=\"Landessportbund Hessen\" href=\"http:\/\/www.landessportbund-hessen.de\/\" target=\"_blank\" rel=\"noopener\">Landessportbund Hessen<\/a>&nbsp;und unsere Sparten sind Mitglieder in den jeweiligen gro\u00dfen Fachverb\u00e4nden.<\/p>\n<p>Wir erheben keine Spartenbeitr\u00e4ge. Bei uns gilt ein Vereinsbeitrag = Training in allen Sparten m\u00f6glich.<\/p>\n<p>Wir freuen uns \u00fcber Anf\u00e4nger, Fortgeschrittene, Wiedereinsteiger.<\/p>\n<p>Hier die wichtigsten Kontakte unserer Spartenleiter:<\/p>\n<p><strong>Jujutsu&nbsp;<\/strong>Armin Wenzel 0176-39019175<\/p>\n<p><strong>Selbstverteidigung<\/strong>&nbsp;Thomas Wagner 0173-2848367<\/p>\n<p><strong>Karate<\/strong>&nbsp;Peter Schr\u00f6der 0176 84911559<\/p>\n<p><strong>Judo<\/strong>&nbsp;entf\u00e4llt zur Zeit<\/p>\n<p>Fragen zu Kampfkunst, Kampfsport, Kursen, Anf\u00e4ngerkursen, kostenlosen Probetrainings, sowie Voraussetzungen beantworten unsere oben genannten Spartenleiter gerne.<\/p>\n<p>Stand: 22.10.2023<\/p>\n<p><strong>&nbsp;<\/strong><\/p>\n","protected":false},"excerpt":{"rendered":"<div class=\"mh-excerpt\"><p>Wir sind Mitglied im Landessportbund Hessen&nbsp;und unsere Sparten sind Mitglieder in den jeweiligen gro\u00dfen Fachverb\u00e4nden. Wir erheben keine Spartenbeitr\u00e4ge. Bei uns gilt ein Vereinsbeitrag = <a class=\"mh-excerpt-more\" href=\"https:\/\/www.rotweisskassel.de\/verein\/sparten\/\" title=\"Unsere Sportarten und Kurse\">[&#8230;]<\/a><\/p>\n<\/div>","protected":false},"author":4,"featured_media":0,"parent":0,"menu_order":2,"comment_status":"closed","ping_status":"open","template":"","meta":{"ngg_post_thumbnail":0,"footnotes":""},"class_list":["post-8","page","type-page","status-publish","hentry"],"_links":{"self":[{"href":"https:\/\/www.rotweisskassel.de\/verein\/wp-json\/wp\/v2\/pages\/8","targetHints":{"allow":["GET"]}}],"collection":[{"href":"https:\/\/www.rotweisskassel.de\/verein\/wp-json\/wp\/v2\/pages"}],"about":[{"href":"https:\/\/www.rotweisskassel.de\/verein\/wp-json\/wp\/v2\/types\/page"}],"author":[{"embeddable":true,"href":"https:\/\/www.rotweisskassel.de\/verein\/wp-json\/wp\/v2\/users\/4"}],"replies":[{"embeddable":true,"href":"https:\/\/www.rotweisskassel.de\/verein\/wp-json\/wp\/v2\/comments?post=8"}],"version-history":[{"count":13,"href":"https:\/\/www.rotweisskassel.de\/verein\/wp-json\/wp\/v2\/pages\/8\/revisions"}],"predecessor-version":[{"id":1744,"href":"https:\/\/www.rotweisskassel.de\/verein\/wp-json\/wp\/v2\/pages\/8\/revisions\/1744"}],"wp:attachment":[{"href":"https:\/\/www.rotweisskassel.de\/verein\/wp-json\/wp\/v2\/media?parent=8"}],"curies":[{"name":"wp","href":"https:\/\/api.w.org\/{rel}","templated":true}]}}