{"id":78,"date":"2014-05-07T15:38:38","date_gmt":"2014-05-07T13:38:38","guid":{"rendered":"http:\/\/www.rotweisskassel.de\/verein\/?page_id=78"},"modified":"2026-04-16T16:14:48","modified_gmt":"2026-04-16T14:14:48","slug":"ueber-uns","status":"publish","type":"page","link":"https:\/\/www.rotweisskassel.de\/verein\/ueber-uns\/","title":{"rendered":"\u00dcber uns"},"content":{"rendered":"<div id=\"c16\">\n<p>Der SV Rot-Wei\u00df Kassel e.V. ist ein Kampfsportverein mit mehreren Sparten.<\/p>\n<p><strong>Leistung und Familienfreundlichkeit sind kein Gegensatz !<\/strong><\/p>\n<p>Bei uns wird qualitativ hochwertiger Kampfsport trainiert. Ob im Breitensport f\u00fcr alle oder auf Wettk\u00e4mpfe ausgerichtet f\u00fcr daran interessierte. Erwachsene und Kinder aller Alterstufen sind willkommen. Mit unserem g\u00fcnstigen Familientarif k\u00f6nnen Sie in allen Sparten trainieren. Wir haben ein eigenes&nbsp;<a title=\"Unser Familienkonzept\" href=\"https:\/\/www.rotweisskassel.de\/verein\/ueber-uns\/unser-familienkonzept\/\">Familienkonzept<\/a>&nbsp;entwickelt, um die in unserer Zeit oft benachteiligten Familien zu f\u00f6rdern.<\/p>\n<p><strong>Respekt gegen\u00fcber dem anderen ist eine Grundvoraussetzung.<\/strong><\/p>\n<p><strong>Geschichte:<\/strong><\/p>\n<\/div>\n<div id=\"c103\">\n<div>\n<p>Kurz und knapp etwas \u00fcber die Geschichte : Die Sportvereinigung Rot-Wei\u00df Kassel existiert seit 1970 und ist seit 1974 ein eingetragener Verein. Unser Verein hat sich den Kampfsportarten des fernen Ostens verschrieben und so werden zur Zeit in unserem Verein die Kampfsportarten Taowan Streetfight Selbstverteidigung, JuJutsu und Karate. In den vergangenen Zeiten gab es bereits auch mal Abteilungen wie Judo, Aikido, TaiChi, KungFu, Kickboxen und Hapkido.<\/p>\n<\/div>\n<\/div>\n<div id=\"c104\">\n<p><strong>&nbsp;Kommen Sie zu uns<\/strong><\/p>\n<ul>\n<li>Wenn Sie&nbsp;an Kampfsport interessiert&nbsp;sind, verraten wir Ihnen gerne mehr.<\/li>\n<li>Sie sind Trainer&nbsp;einer zu uns passenden Kampfsportart sind und m\u00f6chten sich eventuell uns anschlie\u00dfen. Dann w\u00fcrden wir uns freuen, wenn Sie sich mit uns in Verbindung setzen.<\/li>\n<\/ul>\n<\/div>\n","protected":false},"excerpt":{"rendered":"<div class=\"mh-excerpt\"><p>Der SV Rot-Wei\u00df Kassel e.V. ist ein Kampfsportverein mit mehreren Sparten. Leistung und Familienfreundlichkeit sind kein Gegensatz ! Bei uns wird qualitativ hochwertiger Kampfsport trainiert. <a class=\"mh-excerpt-more\" href=\"https:\/\/www.rotweisskassel.de\/verein\/ueber-uns\/\" title=\"\u00dcber uns\">[&#8230;]<\/a><\/p>\n<\/div>","protected":false},"author":4,"featured_media":0,"parent":0,"menu_order":9,"comment_status":"closed","ping_status":"open","template":"","meta":{"ngg_post_thumbnail":0,"footnotes":""},"class_list":["post-78","page","type-page","status-publish","hentry"],"_links":{"self":[{"href":"https:\/\/www.rotweisskassel.de\/verein\/wp-json\/wp\/v2\/pages\/78","targetHints":{"allow":["GET"]}}],"collection":[{"href":"https:\/\/www.rotweisskassel.de\/verein\/wp-json\/wp\/v2\/pages"}],"about":[{"href":"https:\/\/www.rotweisskassel.de\/verein\/wp-json\/wp\/v2\/types\/page"}],"author":[{"embeddable":true,"href":"https:\/\/www.rotweisskassel.de\/verein\/wp-json\/wp\/v2\/users\/4"}],"replies":[{"embeddable":true,"href":"https:\/\/www.rotweisskassel.de\/verein\/wp-json\/wp\/v2\/comments?post=78"}],"version-history":[{"count":7,"href":"https:\/\/www.rotweisskassel.de\/verein\/wp-json\/wp\/v2\/pages\/78\/revisions"}],"predecessor-version":[{"id":2163,"href":"https:\/\/www.rotweisskassel.de\/verein\/wp-json\/wp\/v2\/pages\/78\/revisions\/2163"}],"wp:attachment":[{"href":"https:\/\/www.rotweisskassel.de\/verein\/wp-json\/wp\/v2\/media?parent=78"}],"curies":[{"name":"wp","href":"https:\/\/api.w.org\/{rel}","templated":true}]}}