{"id":377,"date":"2015-01-21T10:04:28","date_gmt":"2015-01-21T08:04:28","guid":{"rendered":"http:\/\/www.rotweisskassel.de\/verein\/?page_id=377"},"modified":"2015-01-21T10:04:28","modified_gmt":"2015-01-21T08:04:28","slug":"sylvesterlauf-2014","status":"publish","type":"page","link":"https:\/\/www.rotweisskassel.de\/verein\/aktuelles\/fotos-und-berichte\/sylvesterlauf-2014\/","title":{"rendered":"Sylvesterlauf 2014"},"content":{"rendered":"<p>Peter und J\u00fcrgen sind beim <a title=\"Sylvesterlauf Kaufungen 2014\" href=\"http:\/\/www.silvesterlauf.lg-kaufungen.de\/\">Sylvesterlauf in Kaufungen<\/a> f\u00fcr den SV Rot-Wei\u00df Kassel e.V. gestartet. Laufen geh\u00f6rt ja nicht unbedingt zu unseren Kampfsportarten, aber jeder wei\u00df wie wichtig es ist auch au\u00dferhalb des &#8222;normalen Trainings&#8220; seine Kondition zu st\u00e4rken.<\/p>\n<p><!-- default-view.php -->\n<div\n\tclass=\"ngg-galleryoverview default-view\n\t ngg-ajax-pagination-none\t\"\n\tid=\"ngg-gallery-df9e909bf47c8ed35a7f1b4535040008-1\"\n\tdata-gallery-id=\"3\">\n\n\t\t<!-- Thumbnails -->\n\t\t\t\t<div id=\"ngg-image-0\" class=\"ngg-gallery-thumbnail-box\n\t\t\t\t\t\t\t\tngg-3-columns\t\t\t\"\n\t\t\t>\n\t\t\t\t\t\t<div class=\"ngg-gallery-thumbnail\">\n\t\t\t<a href=\"https:\/\/www.rotweisskassel.de\/verein\/wp-content\/uploads\/sites\/1\/nggallery\/sylvesterlauf2014\/20141231_142152.jpg\"\n\t\t\t\ttitle=\"sylvesterlauf Kaufungen 2014 Karatekas Peter und J\u00fcrgen\"\n\t\t\t\tdata-src=\"https:\/\/www.rotweisskassel.de\/verein\/wp-content\/uploads\/sites\/1\/nggallery\/sylvesterlauf2014\/20141231_142152.jpg\"\n\t\t\t\tdata-thumbnail=\"https:\/\/www.rotweisskassel.de\/verein\/wp-content\/uploads\/sites\/1\/nggallery\/sylvesterlauf2014\/thumbs\/thumbs_20141231_142152.jpg\"\n\t\t\t\tdata-image-id=\"32\"\n\t\t\t\tdata-title=\"20141231_142152\"\n\t\t\t\tdata-description=\"sylvesterlauf Kaufungen 2014 Karatekas Peter und J\u00fcrgen\"\n\t\t\t\tdata-image-slug=\"20141231_142152-1\"\n\t\t\t\t\t\t\t\t\t\t\t\t\t\t\t\t\t\t\t\tclass=\"ngg-fancybox\" rel=\"df9e909bf47c8ed35a7f1b4535040008\">\n\t\t\t\t\t\t\t\t<img\n\t\t\t\t\ttitle=\"20141231_142152\"\n\t\t\t\t\talt=\"20141231_142152\"\n\t\t\t\t\tsrc=\"https:\/\/www.rotweisskassel.de\/verein\/wp-content\/uploads\/sites\/1\/nggallery\/sylvesterlauf2014\/thumbs\/thumbs_20141231_142152.jpg\"\n\t\t\t\t\twidth=\"120\"\n\t\t\t\t\theight=\"90\"\n\t\t\t\t\tstyle=\"max-width:100%;\"\n\t\t\t\t\/>\n\t\t\t<\/a>\n\t\t<\/div>\n\t\t\t\t\t\t\t<\/div>\n\t\t\t\n\t\t\t\t<div id=\"ngg-image-1\" class=\"ngg-gallery-thumbnail-box\n\t\t\t\t\t\t\t\tngg-3-columns\t\t\t\"\n\t\t\t>\n\t\t\t\t\t\t<div class=\"ngg-gallery-thumbnail\">\n\t\t\t<a href=\"https:\/\/www.rotweisskassel.de\/verein\/wp-content\/uploads\/sites\/1\/nggallery\/sylvesterlauf2014\/20141231_151115.jpg\"\n\t\t\t\ttitle=\"sylvesterlauf Kaufungen 2014\"\n\t\t\t\tdata-src=\"https:\/\/www.rotweisskassel.de\/verein\/wp-content\/uploads\/sites\/1\/nggallery\/sylvesterlauf2014\/20141231_151115.jpg\"\n\t\t\t\tdata-thumbnail=\"https:\/\/www.rotweisskassel.de\/verein\/wp-content\/uploads\/sites\/1\/nggallery\/sylvesterlauf2014\/thumbs\/thumbs_20141231_151115.jpg\"\n\t\t\t\tdata-image-id=\"33\"\n\t\t\t\tdata-title=\"20141231_151115\"\n\t\t\t\tdata-description=\"sylvesterlauf Kaufungen 2014\"\n\t\t\t\tdata-image-slug=\"20141231_151115-1\"\n\t\t\t\t\t\t\t\t\t\t\t\t\t\t\t\t\t\t\t\tclass=\"ngg-fancybox\" rel=\"df9e909bf47c8ed35a7f1b4535040008\">\n\t\t\t\t\t\t\t\t<img\n\t\t\t\t\ttitle=\"20141231_151115\"\n\t\t\t\t\talt=\"20141231_151115\"\n\t\t\t\t\tsrc=\"https:\/\/www.rotweisskassel.de\/verein\/wp-content\/uploads\/sites\/1\/nggallery\/sylvesterlauf2014\/thumbs\/thumbs_20141231_151115.jpg\"\n\t\t\t\t\twidth=\"120\"\n\t\t\t\t\theight=\"90\"\n\t\t\t\t\tstyle=\"max-width:100%;\"\n\t\t\t\t\/>\n\t\t\t<\/a>\n\t\t<\/div>\n\t\t\t\t\t\t\t<\/div>\n\t\t\t\n\t\t\t\t<div id=\"ngg-image-2\" class=\"ngg-gallery-thumbnail-box\n\t\t\t\t\t\t\t\tngg-3-columns\t\t\t\"\n\t\t\t>\n\t\t\t\t\t\t<div class=\"ngg-gallery-thumbnail\">\n\t\t\t<a href=\"https:\/\/www.rotweisskassel.de\/verein\/wp-content\/uploads\/sites\/1\/nggallery\/sylvesterlauf2014\/20141231_151506.jpg\"\n\t\t\t\ttitle=\"sylvesterlauf Kaufungen 2014\"\n\t\t\t\tdata-src=\"https:\/\/www.rotweisskassel.de\/verein\/wp-content\/uploads\/sites\/1\/nggallery\/sylvesterlauf2014\/20141231_151506.jpg\"\n\t\t\t\tdata-thumbnail=\"https:\/\/www.rotweisskassel.de\/verein\/wp-content\/uploads\/sites\/1\/nggallery\/sylvesterlauf2014\/thumbs\/thumbs_20141231_151506.jpg\"\n\t\t\t\tdata-image-id=\"34\"\n\t\t\t\tdata-title=\"20141231_151506\"\n\t\t\t\tdata-description=\"sylvesterlauf Kaufungen 2014\"\n\t\t\t\tdata-image-slug=\"20141231_151506-1\"\n\t\t\t\t\t\t\t\t\t\t\t\t\t\t\t\t\t\t\t\tclass=\"ngg-fancybox\" rel=\"df9e909bf47c8ed35a7f1b4535040008\">\n\t\t\t\t\t\t\t\t<img\n\t\t\t\t\ttitle=\"20141231_151506\"\n\t\t\t\t\talt=\"20141231_151506\"\n\t\t\t\t\tsrc=\"https:\/\/www.rotweisskassel.de\/verein\/wp-content\/uploads\/sites\/1\/nggallery\/sylvesterlauf2014\/thumbs\/thumbs_20141231_151506.jpg\"\n\t\t\t\t\twidth=\"120\"\n\t\t\t\t\theight=\"90\"\n\t\t\t\t\tstyle=\"max-width:100%;\"\n\t\t\t\t\/>\n\t\t\t<\/a>\n\t\t<\/div>\n\t\t\t\t\t\t\t<\/div>\n\t\t\t\n\t\n\t<br style=\"clear: both\" \/>\n\n\t\n\t\t<!-- Pagination -->\n\t\t<div class='ngg-clear'><\/div>\t<\/div>\n<\/p>\n","protected":false},"excerpt":{"rendered":"<div class=\"mh-excerpt\"><p>Peter und J\u00fcrgen sind beim Sylvesterlauf in Kaufungen f\u00fcr den SV Rot-Wei\u00df Kassel e.V. gestartet. Laufen geh\u00f6rt ja nicht unbedingt zu unseren Kampfsportarten, aber jeder <a class=\"mh-excerpt-more\" href=\"https:\/\/www.rotweisskassel.de\/verein\/aktuelles\/fotos-und-berichte\/sylvesterlauf-2014\/\" title=\"Sylvesterlauf 2014\">[&#8230;]<\/a><\/p>\n<\/div>","protected":false},"author":4,"featured_media":0,"parent":374,"menu_order":0,"comment_status":"closed","ping_status":"open","template":"","meta":{"ngg_post_thumbnail":0,"footnotes":""},"class_list":["post-377","page","type-page","status-publish","hentry"],"_links":{"self":[{"href":"https:\/\/www.rotweisskassel.de\/verein\/wp-json\/wp\/v2\/pages\/377","targetHints":{"allow":["GET"]}}],"collection":[{"href":"https:\/\/www.rotweisskassel.de\/verein\/wp-json\/wp\/v2\/pages"}],"about":[{"href":"https:\/\/www.rotweisskassel.de\/verein\/wp-json\/wp\/v2\/types\/page"}],"author":[{"embeddable":true,"href":"https:\/\/www.rotweisskassel.de\/verein\/wp-json\/wp\/v2\/users\/4"}],"replies":[{"embeddable":true,"href":"https:\/\/www.rotweisskassel.de\/verein\/wp-json\/wp\/v2\/comments?post=377"}],"version-history":[{"count":3,"href":"https:\/\/www.rotweisskassel.de\/verein\/wp-json\/wp\/v2\/pages\/377\/revisions"}],"predecessor-version":[{"id":381,"href":"https:\/\/www.rotweisskassel.de\/verein\/wp-json\/wp\/v2\/pages\/377\/revisions\/381"}],"up":[{"embeddable":true,"href":"https:\/\/www.rotweisskassel.de\/verein\/wp-json\/wp\/v2\/pages\/374"}],"wp:attachment":[{"href":"https:\/\/www.rotweisskassel.de\/verein\/wp-json\/wp\/v2\/media?parent=377"}],"curies":[{"name":"wp","href":"https:\/\/api.w.org\/{rel}","templated":true}]}}