{"id":24,"date":"2014-05-04T20:23:50","date_gmt":"2014-05-04T18:23:50","guid":{"rendered":"http:\/\/www.rotweisskassel.de\/verein\/?page_id=24"},"modified":"2014-05-04T20:43:10","modified_gmt":"2014-05-04T18:43:10","slug":"turnhalle-losseschule","status":"publish","type":"page","link":"https:\/\/www.rotweisskassel.de\/verein\/orte\/turnhalle-losseschule\/","title":{"rendered":"Turnhalle Losseschule"},"content":{"rendered":"<p>Adresse: <strong>Eichwaldstrasse 68, 34123 Kassel-Bettenhausen<\/strong><\/p>\n<p><strong>Wichtig:<\/strong><span style=\"font-weight: normal; color: #000000;\"><strong>\u00a0<\/strong>Der Eingang zur Sporthalle (siehe\u00a0roter Pfeil)\u00a0befindet sich hinter den Schulgeb\u00e4uden (roter Backstein, B\u00fcrgerschule 19). Man mu\u00df\u00a0<\/span><i style=\"font-weight: normal; color: #000000;\">von der Eichwaldstrasse<\/i><span style=\"font-weight: normal; color: #000000;\">\u00a0durch das kleine Tor \u00fcber den Schulhof der Losseschule gehen. Diesen Schulhof sieht man nicht von der Stra\u00dfe aus. (\u00dcber den gro\u00dfen Schulhof der Osterholzschule, den man vor den Geb\u00e4uden sieht, kommt man NICHT in die Halle.)<\/span><\/p>\n<p><a href=\"https:\/\/www.rotweisskassel.de\/verein\/wp-content\/uploads\/2014\/05\/Turnhalle-Eingang-Losseschule-Eichwaldstrasse-400x250.jpg\"><img loading=\"lazy\" decoding=\"async\" class=\"aligncenter size-medium wp-image-38\" src=\"https:\/\/www.rotweisskassel.de\/verein\/wp-content\/uploads\/2014\/05\/Turnhalle-Eingang-Losseschule-Eichwaldstrasse-400x250-300x187.jpg\" alt=\"Turnhalle Losseschule Eingang siehe roter Pfeil\" width=\"300\" height=\"187\" srcset=\"https:\/\/www.rotweisskassel.de\/verein\/wp-content\/uploads\/2014\/05\/Turnhalle-Eingang-Losseschule-Eichwaldstrasse-400x250-300x187.jpg 300w, https:\/\/www.rotweisskassel.de\/verein\/wp-content\/uploads\/2014\/05\/Turnhalle-Eingang-Losseschule-Eichwaldstrasse-400x250.jpg 400w\" sizes=\"auto, (max-width: 300px) 100vw, 300px\" \/><\/a><\/p>\n<p class=\"bodytext\" style=\"color: #000000;\"><strong>Auto:<\/strong>\u00a0Die Losseschule erreicht man gut \u00fcber die Leipziger Stra\u00dfe (B7 Richtung Eschwege), Osterholzstra\u00dfe bis zur T-Kreuzung und schon ist man in der Eichwaldstra\u00dfe<\/p>\n<p class=\"bodytext\" style=\"color: #000000;\"><strong>Stra\u00dfenbahn:<\/strong><b>\u00a0<\/b>Ganz in der N\u00e4he (ca. 10 Minuten zu Fu\u00df) h\u00e4lt die Stra\u00dfenbahn am Leipziger Platz mit\u00a0\u00a0Linie 4\u00a0und 8. Siehe <a title=\"Kasseler Verkehrsgesellschaft\" href=\"http:\/\/kvg.de\/\" target=\"_blank\">kvg.de<\/a> (Kasseler Verkehrsgesellschaft GmbH)<\/p>\n<p class=\"bodytext\" style=\"color: #000000;\">Google Maps <a title=\"Losseschule Maps\" href=\"https:\/\/www.rotweisskassel.de\/verein\/orte\/turnhalle-losseschule\/losseschule-maps\/\">Karte<\/a><\/p>\n<p class=\"bodytext\" style=\"color: #000000;\">\n","protected":false},"excerpt":{"rendered":"<div class=\"mh-excerpt\"><p>Adresse: Eichwaldstrasse 68, 34123 Kassel-Bettenhausen Wichtig:\u00a0Der Eingang zur Sporthalle (siehe\u00a0roter Pfeil)\u00a0befindet sich hinter den Schulgeb\u00e4uden (roter Backstein, B\u00fcrgerschule 19). Man mu\u00df\u00a0von der Eichwaldstrasse\u00a0durch das kleine <a class=\"mh-excerpt-more\" href=\"https:\/\/www.rotweisskassel.de\/verein\/orte\/turnhalle-losseschule\/\" title=\"Turnhalle Losseschule\">[&#8230;]<\/a><\/p>\n<\/div>","protected":false},"author":4,"featured_media":0,"parent":18,"menu_order":0,"comment_status":"closed","ping_status":"open","template":"","meta":{"ngg_post_thumbnail":0,"footnotes":""},"class_list":["post-24","page","type-page","status-publish","hentry"],"_links":{"self":[{"href":"https:\/\/www.rotweisskassel.de\/verein\/wp-json\/wp\/v2\/pages\/24","targetHints":{"allow":["GET"]}}],"collection":[{"href":"https:\/\/www.rotweisskassel.de\/verein\/wp-json\/wp\/v2\/pages"}],"about":[{"href":"https:\/\/www.rotweisskassel.de\/verein\/wp-json\/wp\/v2\/types\/page"}],"author":[{"embeddable":true,"href":"https:\/\/www.rotweisskassel.de\/verein\/wp-json\/wp\/v2\/users\/4"}],"replies":[{"embeddable":true,"href":"https:\/\/www.rotweisskassel.de\/verein\/wp-json\/wp\/v2\/comments?post=24"}],"version-history":[{"count":9,"href":"https:\/\/www.rotweisskassel.de\/verein\/wp-json\/wp\/v2\/pages\/24\/revisions"}],"predecessor-version":[{"id":41,"href":"https:\/\/www.rotweisskassel.de\/verein\/wp-json\/wp\/v2\/pages\/24\/revisions\/41"}],"up":[{"embeddable":true,"href":"https:\/\/www.rotweisskassel.de\/verein\/wp-json\/wp\/v2\/pages\/18"}],"wp:attachment":[{"href":"https:\/\/www.rotweisskassel.de\/verein\/wp-json\/wp\/v2\/media?parent=24"}],"curies":[{"name":"wp","href":"https:\/\/api.w.org\/{rel}","templated":true}]}}