{"id":172,"date":"2014-12-12T15:50:39","date_gmt":"2014-12-12T13:50:39","guid":{"rendered":"http:\/\/www.rotweisskassel.de\/verein\/?page_id=172"},"modified":"2022-06-14T16:18:55","modified_gmt":"2022-06-14T14:18:55","slug":"unser-familienkonzept","status":"publish","type":"page","link":"https:\/\/www.rotweisskassel.de\/verein\/ueber-uns\/unser-familienkonzept\/","title":{"rendered":"Unser Familienkonzept"},"content":{"rendered":"<p>Unser Verein hat es sich zur Aufgabe gemacht, nicht nur Kindern und Jugendlichen ein Angebot zu unterbreiten, sondern auch erwachsenen Personen und im besonderen Ma\u00dfe Eltern und Familien. Oft ist es besonders f\u00fcr Eltern schwer, selbst noch zum Sport zu kommen, wenn man arbeitet, die Kinder zum Sport oder zur Musikschule fahren und den Haushalt bew\u00e4ltigen muss. Daher haben wir f\u00fcr Familien ein eigenes Konzept entwickelt, welches sicher noch ausbauf\u00e4hig ist, aber im Moment im Rahmen unserer zeitlichen, r\u00e4umlichen und personellen M\u00f6glichkeiten liegt. Wir bieten Familien z.B. einen besonders g\u00fcnstigen Familientarif an. Der Beitrag f\u00fcr eine Familienanmeldung ist wesentlich g\u00fcnstiger. Der Beitrag entspricht schon dem Beitrag eines Elternteils und eines Kinds.<br \/>\nWeitere direkte Familienmitglieder k\u00f6nnen dann kostenlos mittrainieren. Au\u00dferdem \u00fcbernimmt der Verein eine F\u00f6rderung und Unterst\u00fctzung in Form von niedrigeren Tarifen f\u00fcr Pr\u00fcfungen, Ausfl\u00fcge etc. f\u00fcr jedes dritte Familienmitglied.<\/p>\n<p>Eine Besonderheit ist das gemeinsame Training, welches wir etwa einmal im halben Jahr in den Abteilungen Judo, Karate und Jujutsu anbieten. Zu einer Trainingseinheit, zu welcher gesondert eingeladen wird, d\u00fcrfen die Kinder ihre Eltern, Onkel oder Tanten,&#8230; mitbringen und gemeinsam mit ihnen trainieren. Die Trainingseinheiten sind so gestaltet, dass keinerlei Vorkenntnisse in Kampfsportarten vorhanden sein m\u00fcssen. Sie dienen dazu, dass die Kinder den Eltern einmal ihren Sport hautnah vorstellen k\u00f6nnen und dazu, einen kleinen Raum zu schaffen, in dem man gemeinsam Zeit verbringt und Sport treibt. Dieses gemeinsame Training erfreute sich bisher gro\u00dfer Beliebtheit und wurde sowohl von den Eltern als auch von den Kindern gut angenommen und gerne wiederholt.<\/p>\n<p>Auch im Freizeitbereich achten wir darauf, f\u00fcr jeden etwas anzubieten. So gibt es zum Einen Ausfl\u00fcge und Wochenenden, die extra so konzipiert sind, dass sowohl Eltern als auch Kinder ein Bet\u00e4tigungsfeld und Attraktionen f\u00fcr sich finden (Freizeitparks, Kampfsportwochenende, Besichtigungen mit unterschiedlichen F\u00fchrungen, etc.) als auch Tage, Veranstaltungen oder Ausfl\u00fcge f\u00fcr eine ganz bestimmte Altersklasse (G\u00e4nseessen, Kinobesuche, vorweihnachtliche Veranstaltungen, &#8230;). An diesen Freizeitangeboten k\u00f6nnen auch Eltern teilnehmen, die sich lieber passiv anmelden und keinen Sport im Verein treiben m\u00f6chten.<br \/>\nWir geben uns M\u00fche, ein Verein f\u00fcr die ganze Familie zu sein und freuen uns auf Sie genauso wie auf Individualsportler! Kommen Sie dich einfach mal zu einer Schnupperstunde vorbei! Wir freuen uns auch \u00fcber Anregungen und Kritik!<\/p>\n","protected":false},"excerpt":{"rendered":"<div class=\"mh-excerpt\"><p>Unser Verein hat es sich zur Aufgabe gemacht, nicht nur Kindern und Jugendlichen ein Angebot zu unterbreiten, sondern auch erwachsenen Personen und im besonderen Ma\u00dfe <a class=\"mh-excerpt-more\" href=\"https:\/\/www.rotweisskassel.de\/verein\/ueber-uns\/unser-familienkonzept\/\" title=\"Unser Familienkonzept\">[&#8230;]<\/a><\/p>\n<\/div>","protected":false},"author":4,"featured_media":0,"parent":78,"menu_order":0,"comment_status":"closed","ping_status":"open","template":"","meta":{"ngg_post_thumbnail":0,"footnotes":""},"class_list":["post-172","page","type-page","status-publish","hentry"],"_links":{"self":[{"href":"https:\/\/www.rotweisskassel.de\/verein\/wp-json\/wp\/v2\/pages\/172","targetHints":{"allow":["GET"]}}],"collection":[{"href":"https:\/\/www.rotweisskassel.de\/verein\/wp-json\/wp\/v2\/pages"}],"about":[{"href":"https:\/\/www.rotweisskassel.de\/verein\/wp-json\/wp\/v2\/types\/page"}],"author":[{"embeddable":true,"href":"https:\/\/www.rotweisskassel.de\/verein\/wp-json\/wp\/v2\/users\/4"}],"replies":[{"embeddable":true,"href":"https:\/\/www.rotweisskassel.de\/verein\/wp-json\/wp\/v2\/comments?post=172"}],"version-history":[{"count":4,"href":"https:\/\/www.rotweisskassel.de\/verein\/wp-json\/wp\/v2\/pages\/172\/revisions"}],"predecessor-version":[{"id":1523,"href":"https:\/\/www.rotweisskassel.de\/verein\/wp-json\/wp\/v2\/pages\/172\/revisions\/1523"}],"up":[{"embeddable":true,"href":"https:\/\/www.rotweisskassel.de\/verein\/wp-json\/wp\/v2\/pages\/78"}],"wp:attachment":[{"href":"https:\/\/www.rotweisskassel.de\/verein\/wp-json\/wp\/v2\/media?parent=172"}],"curies":[{"name":"wp","href":"https:\/\/api.w.org\/{rel}","templated":true}]}}