{"id":1494,"date":"2022-03-13T19:10:49","date_gmt":"2022-03-13T17:10:49","guid":{"rendered":"https:\/\/www.rotweisskassel.de\/verein\/?page_id=1494"},"modified":"2024-02-18T20:23:48","modified_gmt":"2024-02-18T18:23:48","slug":"selbstverteidigung","status":"publish","type":"page","link":"https:\/\/www.rotweisskassel.de\/verein\/sparten\/selbstverteidigung\/","title":{"rendered":"Selbstverteidigung"},"content":{"rendered":"\n<p>Vielen Dank f\u00fcr das Interesse an Stra\u00dfenbezogener Selbstverteidigung.<br>Mein Name ist Thomas Wagner, 2. Vorsitzender und Cheftrainer Taowan Streetfight Selbstverteidigung.<br><br>Wir besch\u00e4ftigen uns mit den tats\u00e4chlichen Bedrohungen in unserem Alltag und wie wir darauf<br>reagieren m\u00fcssen. Also auf verbale Angriffe, Bel\u00e4stigungen, W\u00fcrgen, Festhalten, Umklammern,<br>Angriffe mit St\u00f6cken und Messern, Angriffe durch Schl\u00e4ge oder Tritte und vieles mehr.<br><br>Wir trainieren unsere Selbstverteidigung jeden Mittwoch von 18 &#8211; 19:30 in der Offenen Schule Waldau.<br>Dazu Montags von 18 &#8211; 19:30 in speziellen Gruppen, Pr\u00fcfungsvorbereitungen, besondere Gefahren f\u00fcr<br>Frauen und M\u00e4dchen, Hebeltechniken oder Langstock\u00fcbungen.<br><br>Wenn noch Fragen dazu sind, gerne direkt bei mir melden und kostenlosen Probetermin vereinbaren.<br><br><strong>Thomas Wagner<\/strong> 0173-2848367  <a href=\"mailto:selbstverteidigung@ist-einmalig.de\" target=\"_blank\" rel=\"noreferrer noopener\">selbstverteidigung@ist-einmalig.de<\/a><\/p>\n\n\n\n<p><\/p>\n","protected":false},"excerpt":{"rendered":"<div class=\"mh-excerpt\"><p>Vielen Dank f\u00fcr das Interesse an Stra\u00dfenbezogener Selbstverteidigung.Mein Name ist Thomas Wagner, 2. Vorsitzender und Cheftrainer Taowan Streetfight Selbstverteidigung. Wir besch\u00e4ftigen uns mit den tats\u00e4chlichen <a class=\"mh-excerpt-more\" href=\"https:\/\/www.rotweisskassel.de\/verein\/sparten\/selbstverteidigung\/\" title=\"Selbstverteidigung\">[&#8230;]<\/a><\/p>\n<\/div>","protected":false},"author":4,"featured_media":0,"parent":8,"menu_order":0,"comment_status":"closed","ping_status":"closed","template":"","meta":{"ngg_post_thumbnail":0,"footnotes":""},"class_list":["post-1494","page","type-page","status-publish","hentry"],"_links":{"self":[{"href":"https:\/\/www.rotweisskassel.de\/verein\/wp-json\/wp\/v2\/pages\/1494","targetHints":{"allow":["GET"]}}],"collection":[{"href":"https:\/\/www.rotweisskassel.de\/verein\/wp-json\/wp\/v2\/pages"}],"about":[{"href":"https:\/\/www.rotweisskassel.de\/verein\/wp-json\/wp\/v2\/types\/page"}],"author":[{"embeddable":true,"href":"https:\/\/www.rotweisskassel.de\/verein\/wp-json\/wp\/v2\/users\/4"}],"replies":[{"embeddable":true,"href":"https:\/\/www.rotweisskassel.de\/verein\/wp-json\/wp\/v2\/comments?post=1494"}],"version-history":[{"count":3,"href":"https:\/\/www.rotweisskassel.de\/verein\/wp-json\/wp\/v2\/pages\/1494\/revisions"}],"predecessor-version":[{"id":1813,"href":"https:\/\/www.rotweisskassel.de\/verein\/wp-json\/wp\/v2\/pages\/1494\/revisions\/1813"}],"up":[{"embeddable":true,"href":"https:\/\/www.rotweisskassel.de\/verein\/wp-json\/wp\/v2\/pages\/8"}],"wp:attachment":[{"href":"https:\/\/www.rotweisskassel.de\/verein\/wp-json\/wp\/v2\/media?parent=1494"}],"curies":[{"name":"wp","href":"https:\/\/api.w.org\/{rel}","templated":true}]}}